{"id":19,"date":"2020-04-14T13:54:46","date_gmt":"2020-04-14T11:54:46","guid":{"rendered":"https:\/\/www.wenzel.cloud\/wp5\/?page_id=19"},"modified":"2021-12-12T20:13:45","modified_gmt":"2021-12-12T19:13:45","slug":"vereinsziele","status":"publish","type":"page","link":"https:\/\/www.avbgw.at\/wp5\/vereinsziele\/","title":{"rendered":"Vereinsziele"},"content":{"rendered":"\n<ul class=\"wp-block-list\"><li>F\u00f6rderung des Kontaktes von Absolventinnen\/Absolventen zur Schule und untereinander<\/li><\/ul>\n\n\n\n<ul class=\"wp-block-list\"><li>Partnerschaft mit der regionalen Wirtschaft und Industrie<\/li><\/ul>\n\n\n\n<ul class=\"wp-block-list\"><li>St\u00e4rkung eines Zusammengeh\u00f6rigkeitsgef\u00fchls der \u201eAlt-Wieselburger\u201c (\u201eNetzwerkbildung\u201c)<\/li><\/ul>\n\n\n\n<ul class=\"wp-block-list\"><li>Treffen der Absolventinnen\/Absolventen bei diversen Veranstaltungen: Dazu finden regelm\u00e4\u00dfig Veranstaltungen wie z. B. der Sommertreff beim Heurigen, Treffen am Volksfest sowie die Generalversammlung. Im Entstehen begriffen ist derzeit ein Wieselburger-Stammtisch in Wien.<\/li><\/ul>\n\n\n\n<ul class=\"wp-block-list\"><li>Unterst\u00fctzung von Projekten und Schulveranstaltungen sowie bei der Anschaffung von Unterrichtsmitteln; F\u00f6rderung von besonders talentierten und Unterst\u00fctzung von bed\u00fcrftigen Sch\u00fclerinnen und Sch\u00fclern.<\/li><\/ul>\n\n\n\n<ul class=\"wp-block-list\"><li>Erfahrungsaustausch zwischen Absolventinnen\/Absolventen und derzeitigen Sch\u00fclerinnen und Sch\u00fclern unserer Schule: Vortr\u00e4ge, Studienberatung an Projekttagen oder bei Informationsabenden.<\/li><\/ul>\n\n\n\n<ul class=\"wp-block-list\"><li>Information: Die Homepage des Absolventenvereins (http:\/\/www.avbgw.at) soll auf aktuelle Veranstaltungen hinweisen und dich mit Nachrichten, die unsere Schule und das Vereinsleben betreffen, auf dem Laufenden halten.<\/li><\/ul>\n","protected":false},"excerpt":{"rendered":"<p>F\u00f6rderung des Kontaktes von Absolventinnen\/Absolventen zur Schule und untereinander Partnerschaft mit der regionalen Wirtschaft und Industrie St\u00e4rkung eines Zusammengeh\u00f6rigkeitsgef\u00fchls der \u201eAlt-Wieselburger\u201c (\u201eNetzwerkbildung\u201c) Treffen der Absolventinnen\/Absolventen [&#8230;]<\/p>\n","protected":false},"author":1,"featured_media":0,"parent":0,"menu_order":0,"comment_status":"closed","ping_status":"closed","template":"","meta":{"footnotes":""},"class_list":["post-19","page","type-page","status-publish","hentry"],"_links":{"self":[{"href":"https:\/\/www.avbgw.at\/wp5\/wp-json\/wp\/v2\/pages\/19","targetHints":{"allow":["GET"]}}],"collection":[{"href":"https:\/\/www.avbgw.at\/wp5\/wp-json\/wp\/v2\/pages"}],"about":[{"href":"https:\/\/www.avbgw.at\/wp5\/wp-json\/wp\/v2\/types\/page"}],"author":[{"embeddable":true,"href":"https:\/\/www.avbgw.at\/wp5\/wp-json\/wp\/v2\/users\/1"}],"replies":[{"embeddable":true,"href":"https:\/\/www.avbgw.at\/wp5\/wp-json\/wp\/v2\/comments?post=19"}],"version-history":[{"count":2,"href":"https:\/\/www.avbgw.at\/wp5\/wp-json\/wp\/v2\/pages\/19\/revisions"}],"predecessor-version":[{"id":72,"href":"https:\/\/www.avbgw.at\/wp5\/wp-json\/wp\/v2\/pages\/19\/revisions\/72"}],"wp:attachment":[{"href":"https:\/\/www.avbgw.at\/wp5\/wp-json\/wp\/v2\/media?parent=19"}],"curies":[{"name":"wp","href":"https:\/\/api.w.org\/{rel}","templated":true}]}}