{"id":45,"date":"2021-12-02T19:33:40","date_gmt":"2021-12-02T18:33:40","guid":{"rendered":"https:\/\/www.wenzel.cloud\/wp5\/?page_id=45"},"modified":"2025-10-21T12:51:08","modified_gmt":"2025-10-21T10:51:08","slug":"mitgliedschaft","status":"publish","type":"page","link":"https:\/\/www.avbgw.at\/wp5\/mitgliedschaft\/","title":{"rendered":"Werde Mitglied im Absolventenverein!"},"content":{"rendered":"\n<hr class=\"wp-block-separator has-alpha-channel-opacity\"\/>\n\n\n\n<p>Wir freuen uns \u00fcber jedes neue Mitglied, das unseren Absolventenverein unterst\u00fctzt. Mit deinem Beitrag hilfst du mit, unsere Aktivit\u00e4ten, Veranstaltungen und das Netzwerk lebendig zu halten.<br><br><strong>Die H\u00f6he des j\u00e4hrlichen Mitgliedsbeitrags ist aktuell wie folgt festgesetzt:<\/strong><br>10 Euro f\u00fcr Studenten und Personen in Ausbildung<br>15 Euro f\u00fcr Erwerbst\u00e4tige<br>20 Euro f\u00fcr Ehepaare \/ Familientarif<br><br>Mit deiner Mitgliedschaft st\u00e4rkst du den Zusammenhalt unter den Absolventinnen und Absolventen \u2013 vielen Dank f\u00fcr deine Unterst\u00fctzung!<br><br>==<\/p>\n\n\n\n<p>Ich trete hiermit dem Absolventenverein des Bundesgymnasiums und Bundesrealgymnasiums Wieselburg bei und bin bereit, den j\u00e4hrlichen Mitgliedsbeitrag einzuzahlen auf folgendes Konto einzuzahlen:<br><br>Absolventenverein BG\/BRG Wieselburg<br>IBAN: AT38 3293 9000 0005 3777<br>BIC: RLNWATWW939 (Raiffeisenbank Mittleres Mostviertel)<br>Verwendungszweck: Pers\u00f6nliche Mitgliedsnummer (falls bei der Hand)<\/p>\n\n\n\n<p>Meine Adresse und Daten sind:<\/p>\n\n\n<style id=\"wpforms-css-vars-447\">\n\t\t\t\t#wpforms-447 {\n\t\t\t\t--wpforms-container-padding: 0px;\n--wpforms-container-border-width: 1px;\n--wpforms-container-border-radius: 3px;\n--wpforms-background-color: rgba(0, 0, 0, 0);\n--wpforms-field-size-input-height: 43px;\n--wpforms-field-size-input-spacing: 15px;\n--wpforms-field-size-font-size: 16px;\n--wpforms-field-size-line-height: 19px;\n--wpforms-field-size-padding-h: 14px;\n--wpforms-field-size-checkbox-size: 16px;\n--wpforms-field-size-sublabel-spacing: 5px;\n--wpforms-field-size-icon-size: 1;\n--wpforms-label-size-font-size: 16px;\n--wpforms-label-size-line-height: 19px;\n--wpforms-label-size-sublabel-font-size: 14px;\n--wpforms-label-size-sublabel-line-height: 17px;\n--wpforms-button-size-font-size: 17px;\n--wpforms-button-size-height: 41px;\n--wpforms-button-size-padding-h: 15px;\n--wpforms-button-size-margin-top: 10px;\n--wpforms-container-shadow-size-box-shadow: none;\n\t\t\t}\n\t\t\t<\/style><div class=\"wpforms-container wpforms-container-full wpforms-render-modern\" id=\"wpforms-447\"><form id=\"wpforms-form-447\" class=\"wpforms-validate wpforms-form wpforms-ajax-form\" data-formid=\"447\" method=\"post\" enctype=\"multipart\/form-data\" action=\"\/wp5\/wp-json\/wp\/v2\/pages\/45\" data-token=\"4ce4b39eda2f9464ec5a1582bdd6c588\" data-token-time=\"1777581115\"><noscript class=\"wpforms-error-noscript\">Bitte aktiviere JavaScript in deinem Browser, um dieses Formular fertigzustellen.<\/noscript><div id=\"wpforms-error-noscript\" style=\"display: none;\">Bitte aktiviere JavaScript in deinem Browser, um dieses Formular fertigzustellen.<\/div><div class=\"wpforms-field-container\"><div id=\"wpforms-447-field_2-container\" class=\"wpforms-field wpforms-field-text\" data-field-id=\"2\"><label class=\"wpforms-field-label\" for=\"wpforms-447-field_2\">Vorname <span class=\"wpforms-required-label\" aria-hidden=\"true\">*<\/span><\/label><input type=\"text\" id=\"wpforms-447-field_2\" class=\"wpforms-field-medium wpforms-field-required\" name=\"wpforms[fields][2]\" aria-errormessage=\"wpforms-447-field_2-error\" required><\/div><div id=\"wpforms-447-field_3-container\" class=\"wpforms-field wpforms-field-text\" data-field-id=\"3\"><label class=\"wpforms-field-label\" for=\"wpforms-447-field_3\">Nachname <span class=\"wpforms-required-label\" aria-hidden=\"true\">*<\/span><\/label><input type=\"text\" id=\"wpforms-447-field_3\" class=\"wpforms-field-medium wpforms-field-required\" name=\"wpforms[fields][3]\" aria-errormessage=\"wpforms-447-field_3-error\" required><\/div><div id=\"wpforms-447-field_4-container\" class=\"wpforms-field wpforms-field-text\" data-field-id=\"4\"><label class=\"wpforms-field-label\" for=\"wpforms-447-field_4\">Maturajahrgang und Klasse (z. B. 1997A)<\/label><input type=\"text\" id=\"wpforms-447-field_4\" class=\"wpforms-field-medium wpforms-limit-characters-enabled\" data-form-id=\"447\" data-field-id=\"4\" data-text-limit=\"10\" name=\"wpforms[fields][4]\" aria-errormessage=\"wpforms-447-field_4-error\" aria-describedby=\"wpforms-447-field_4-description\" maxlength=\"10\" ><div id=\"wpforms-447-field_4-description\" class=\"wpforms-field-description\">Bitte nur ausf\u00fcllen falls Maturant\/Maturantin<\/div><\/div><div id=\"wpforms-447-field_5-container\" class=\"wpforms-field wpforms-field-text\" data-field-id=\"5\"><label class=\"wpforms-field-label\" for=\"wpforms-447-field_5\">Eventueller fr\u00fcherer Nachname<\/label><input type=\"text\" id=\"wpforms-447-field_5\" class=\"wpforms-field-medium\" name=\"wpforms[fields][5]\" aria-errormessage=\"wpforms-447-field_5-error\" ><\/div><div id=\"wpforms-447-field_6-container\" class=\"wpforms-field wpforms-field-text\" data-field-id=\"6\"><label class=\"wpforms-field-label\" for=\"wpforms-447-field_6\">Akademischer Grad\/Titel<\/label><input type=\"text\" id=\"wpforms-447-field_6\" class=\"wpforms-field-medium\" name=\"wpforms[fields][6]\" aria-errormessage=\"wpforms-447-field_6-error\" ><\/div><div id=\"wpforms-447-field_7-container\" class=\"wpforms-field wpforms-field-text\" data-field-id=\"7\"><label class=\"wpforms-field-label\" for=\"wpforms-447-field_7\">Berufs- oder Funktionsbezeichnung<\/label><input type=\"text\" id=\"wpforms-447-field_7\" class=\"wpforms-field-medium\" name=\"wpforms[fields][7]\" aria-errormessage=\"wpforms-447-field_7-error\" ><\/div><div id=\"wpforms-447-field_8-container\" class=\"wpforms-field wpforms-field-text\" data-field-id=\"8\"><label class=\"wpforms-field-label\" for=\"wpforms-447-field_8\">Stra\u00dfe und Hausnummer <span class=\"wpforms-required-label\" aria-hidden=\"true\">*<\/span><\/label><input type=\"text\" id=\"wpforms-447-field_8\" class=\"wpforms-field-medium wpforms-field-required\" name=\"wpforms[fields][8]\" aria-errormessage=\"wpforms-447-field_8-error\" required><\/div><div id=\"wpforms-447-field_9-container\" class=\"wpforms-field wpforms-field-text\" data-field-id=\"9\"><label class=\"wpforms-field-label\" for=\"wpforms-447-field_9\">PLZ und Ort <span class=\"wpforms-required-label\" aria-hidden=\"true\">*<\/span><\/label><input type=\"text\" id=\"wpforms-447-field_9\" class=\"wpforms-field-medium wpforms-field-required\" name=\"wpforms[fields][9]\" aria-errormessage=\"wpforms-447-field_9-error\" required><\/div><div id=\"wpforms-447-field_10-container\" class=\"wpforms-field wpforms-field-text\" data-field-id=\"10\"><label class=\"wpforms-field-label\" for=\"wpforms-447-field_10\">Land<\/label><input type=\"text\" id=\"wpforms-447-field_10\" class=\"wpforms-field-medium\" name=\"wpforms[fields][10]\" aria-errormessage=\"wpforms-447-field_10-error\" aria-describedby=\"wpforms-447-field_10-description\" ><div id=\"wpforms-447-field_10-description\" class=\"wpforms-field-description\">Bitte nur ausf\u00fcllen wenn nicht \u00d6sterreich<\/div><\/div><div id=\"wpforms-447-field_11-container\" class=\"wpforms-field wpforms-field-text\" data-field-id=\"11\"><label class=\"wpforms-field-label\" for=\"wpforms-447-field_11\">Telefon <span class=\"wpforms-required-label\" aria-hidden=\"true\">*<\/span><\/label><input type=\"text\" id=\"wpforms-447-field_11\" class=\"wpforms-field-medium wpforms-field-required\" name=\"wpforms[fields][11]\" aria-errormessage=\"wpforms-447-field_11-error\" required><\/div><div id=\"wpforms-447-field_18-container\" class=\"wpforms-field wpforms-field-email\" data-field-id=\"18\"><label class=\"wpforms-field-label\" for=\"wpforms-447-field_18\">E-Mail-Adresse <span class=\"wpforms-required-label\" aria-hidden=\"true\">*<\/span><\/label><input type=\"email\" id=\"wpforms-447-field_18\" class=\"wpforms-field-medium wpforms-field-required\" name=\"wpforms[fields][18]\" spellcheck=\"false\" aria-errormessage=\"wpforms-447-field_18-error\" required><\/div><div id=\"wpforms-447-field_19-container\" class=\"wpforms-field wpforms-field-checkbox\" data-field-id=\"19\"><fieldset><legend class=\"wpforms-field-label\">Datenaustausch mit dem Verein<\/legend><ul id=\"wpforms-447-field_19\"><li class=\"choice-1 depth-1 wpforms-selected\"><input type=\"checkbox\" id=\"wpforms-447-field_19_1\" name=\"wpforms[fields][19][]\" value=\"Ich bevorzuge zuk\u00fcnftigen Schriftverkehr in elektronischer Form (Email) abzuwickeln\" aria-errormessage=\"wpforms-447-field_19_1-error\"   checked='checked'><label class=\"wpforms-field-label-inline\" for=\"wpforms-447-field_19_1\">Ich bevorzuge zuk\u00fcnftigen Schriftverkehr in elektronischer Form (Email) abzuwickeln<\/label><\/li><li class=\"choice-2 depth-1 wpforms-selected\"><input type=\"checkbox\" id=\"wpforms-447-field_19_2\" name=\"wpforms[fields][19][]\" value=\"Ich m\u00f6chte gern Informationen vom Absolventenverein via Email bekommen\" aria-errormessage=\"wpforms-447-field_19_2-error\"   checked='checked'><label class=\"wpforms-field-label-inline\" for=\"wpforms-447-field_19_2\">Ich m\u00f6chte gern Informationen vom Absolventenverein via Email bekommen<\/label><\/li><\/ul><\/fieldset><\/div>\t\t<div id=\"wpforms-447-field_1-container\"\n\t\t\tclass=\"wpforms-field wpforms-field-text\"\n\t\t\tdata-field-type=\"text\"\n\t\t\tdata-field-id=\"1\"\n\t\t\t>\n\t\t\t<label class=\"wpforms-field-label\" for=\"wpforms-447-field_1\" >mit Klasse Nachname<\/label>\n\t\t\t<input type=\"text\" id=\"wpforms-447-field_1\" class=\"wpforms-field-medium\" name=\"wpforms[fields][1]\" >\n\t\t<\/div>\n\t\t<div id=\"wpforms-447-field_20-container\" class=\"wpforms-field wpforms-field-checkbox\" data-field-id=\"20\"><fieldset><legend class=\"wpforms-field-label\">Datenschutz <span class=\"wpforms-required-label\" aria-hidden=\"true\">*<\/span><\/legend><ul id=\"wpforms-447-field_20\" class=\"wpforms-field-required\"><li class=\"choice-1 depth-1\"><input type=\"checkbox\" id=\"wpforms-447-field_20_1\" name=\"wpforms[fields][20][]\" value=\"Ich stimme der Verarbeitung meiner Daten zu Vereinszwecken und den Datenschutzbestimmungen zu\" aria-errormessage=\"wpforms-447-field_20_1-error\" required ><label class=\"wpforms-field-label-inline\" for=\"wpforms-447-field_20_1\">Ich stimme der Verarbeitung meiner Daten zu Vereinszwecken und den Datenschutzbestimmungen zu<\/label><\/li><\/ul><\/fieldset><\/div><script>\n\t\t\t\t( function() {\n\t\t\t\t\tconst style = document.createElement( 'style' );\n\t\t\t\t\tstyle.appendChild( document.createTextNode( '#wpforms-447-field_1-container { position: absolute !important; overflow: hidden !important; display: inline !important; height: 1px !important; width: 1px !important; z-index: -1000 !important; padding: 0 !important; } #wpforms-447-field_1-container input { visibility: hidden; } #wpforms-conversational-form-page #wpforms-447-field_1-container label { counter-increment: none; }' ) );\n\t\t\t\t\tdocument.head.appendChild( style );\n\t\t\t\t\tdocument.currentScript?.remove();\n\t\t\t\t} )();\n\t\t\t<\/script><\/div><!-- .wpforms-field-container --><div class=\"wpforms-recaptcha-container wpforms-is-recaptcha wpforms-is-recaptcha-type-v2\" ><div class=\"g-recaptcha\" data-sitekey=\"6Ldtv7grAAAAALhYRPZatiObbFJR8KauVnigJkFi\"><\/div><input type=\"text\" name=\"g-recaptcha-hidden\" class=\"wpforms-recaptcha-hidden\" style=\"position:absolute!important;clip:rect(0,0,0,0)!important;height:1px!important;width:1px!important;border:0!important;overflow:hidden!important;padding:0!important;margin:0!important;\" data-rule-recaptcha=\"1\"><\/div><div class=\"wpforms-submit-container\" ><input type=\"hidden\" name=\"wpforms[id]\" value=\"447\"><input type=\"hidden\" name=\"page_title\" value=\"\"><input type=\"hidden\" name=\"page_url\" value=\"https:\/\/www.avbgw.at\/wp5\/wp-json\/wp\/v2\/pages\/45\"><input type=\"hidden\" name=\"url_referer\" value=\"\"><button type=\"submit\" name=\"wpforms[submit]\" id=\"wpforms-submit-447\" class=\"wpforms-submit\" data-alt-text=\"Wird gesendet\u00a0\u2026\" data-submit-text=\"Ich m\u00f6chte beitreten\" aria-live=\"assertive\" value=\"wpforms-submit\">Ich m\u00f6chte beitreten<\/button><img loading=\"lazy\" decoding=\"async\" src=\"https:\/\/www.avbgw.at\/wp5\/wp-content\/plugins\/wpforms-lite\/assets\/images\/submit-spin.svg\" class=\"wpforms-submit-spinner\" style=\"display: none;\" width=\"26\" height=\"26\" alt=\"Wird geladen\"><\/div><\/form><\/div>  <!-- .wpforms-container -->\n\n\n\n<div style=\"height:100px\" aria-hidden=\"true\" class=\"wp-block-spacer\"><\/div>\n\n\n\n<hr class=\"wp-block-separator has-alpha-channel-opacity\"\/>\n\n\n\n<p>Eine alternative M\u00f6glichkeit zur Beitrittserkl\u00e4rung ist das Herunterladen der Beitrittserkl\u00e4rung<\/p>\n\n\n\n<div class=\"wp-block-file\"><a href=\"https:\/\/www.avbgw.at\/wp5\/wp-content\/uploads\/2021\/12\/av_beitrittserklaerung.pdf\">av_beitrittserklaerung<\/a><a href=\"https:\/\/www.avbgw.at\/wp5\/wp-content\/uploads\/2021\/12\/av_beitrittserklaerung.pdf\" class=\"wp-block-file__button wp-element-button\" download>Herunterladen<\/a><\/div>\n\n\n\n<p>und die \u00dcbermittlung an den Obmann per E-Mail an <a href=\"mailto:obmann@avbgw.at\">obmann@avbgw.at<\/a> oder per Post an:<br><br>Absolventenverein BG\/BRG Wieselburg<br>Erlaufpromenade 1<br>3250 Wieselburg<\/p>\n\n\n\n<p><\/p>\n","protected":false},"excerpt":{"rendered":"<p>Wir freuen uns \u00fcber jedes neue Mitglied, das unseren Absolventenverein unterst\u00fctzt. Mit deinem Beitrag hilfst du mit, unsere Aktivit\u00e4ten, Veranstaltungen und das Netzwerk lebendig zu [&#8230;]<\/p>\n","protected":false},"author":1,"featured_media":0,"parent":0,"menu_order":0,"comment_status":"closed","ping_status":"closed","template":"","meta":{"footnotes":""},"class_list":["post-45","page","type-page","status-publish","hentry"],"_links":{"self":[{"href":"https:\/\/www.avbgw.at\/wp5\/wp-json\/wp\/v2\/pages\/45","targetHints":{"allow":["GET"]}}],"collection":[{"href":"https:\/\/www.avbgw.at\/wp5\/wp-json\/wp\/v2\/pages"}],"about":[{"href":"https:\/\/www.avbgw.at\/wp5\/wp-json\/wp\/v2\/types\/page"}],"author":[{"embeddable":true,"href":"https:\/\/www.avbgw.at\/wp5\/wp-json\/wp\/v2\/users\/1"}],"replies":[{"embeddable":true,"href":"https:\/\/www.avbgw.at\/wp5\/wp-json\/wp\/v2\/comments?post=45"}],"version-history":[{"count":22,"href":"https:\/\/www.avbgw.at\/wp5\/wp-json\/wp\/v2\/pages\/45\/revisions"}],"predecessor-version":[{"id":500,"href":"https:\/\/www.avbgw.at\/wp5\/wp-json\/wp\/v2\/pages\/45\/revisions\/500"}],"wp:attachment":[{"href":"https:\/\/www.avbgw.at\/wp5\/wp-json\/wp\/v2\/media?parent=45"}],"curies":[{"name":"wp","href":"https:\/\/api.w.org\/{rel}","templated":true}]}}