{"id":54,"date":"2021-12-12T20:09:13","date_gmt":"2021-12-12T19:09:13","guid":{"rendered":"https:\/\/www.wenzel.cloud\/wp5\/?page_id=54"},"modified":"2022-01-27T21:58:11","modified_gmt":"2022-01-27T20:58:11","slug":"grussworte-des-obmanns","status":"publish","type":"page","link":"https:\/\/www.avbgw.at\/wp5\/grussworte-des-obmanns\/","title":{"rendered":"Gru\u00dfworte des Obmanns"},"content":{"rendered":"\n<p>Ein lebendiges Netzwerk m\u00f6ge k\u00fcnftig der Absolventenverein unseres Gymnasiums sein. Der Absolventenverein hat als Ziel Wachstum. Jeder Absolvent und jede Absolventin ist eingeladen stolz auf die Schule zu sein und als Botschafter bzw. Botschafterin f\u00fcr eine Erh\u00f6hung der Maturantinnen und Maturanten pro Schuljahr einzutreten. Dazu geh\u00f6rt auch die Vernetzung bei physischen und virtuellen Veranstaltungen. Die Homepage des Absolventenvereines ist durchaus geeignet den Schritt Richtung Mitgliedschaft im Absolventenverein zu gehen.<\/p>\n\n\n\n<p>Karl\u00a0G. Becker, Obmann<\/p>\n\n\n\n<figure class=\"wp-block-image size-full is-resized is-style-default\"><img loading=\"lazy\" decoding=\"async\" src=\"https:\/\/www.avbgw.at\/wp5\/wp-content\/uploads\/2022\/01\/becker-karl.jpg\" alt=\"\" class=\"wp-image-142\" width=\"182\" height=\"182\" srcset=\"https:\/\/www.avbgw.at\/wp5\/wp-content\/uploads\/2022\/01\/becker-karl.jpg 512w, https:\/\/www.avbgw.at\/wp5\/wp-content\/uploads\/2022\/01\/becker-karl-300x300.jpg 300w, https:\/\/www.avbgw.at\/wp5\/wp-content\/uploads\/2022\/01\/becker-karl-150x150.jpg 150w\" sizes=\"auto, (max-width: 182px) 100vw, 182px\" \/><\/figure>\n","protected":false},"excerpt":{"rendered":"<p>Ein lebendiges Netzwerk m\u00f6ge k\u00fcnftig der Absolventenverein unseres Gymnasiums sein. Der Absolventenverein hat als Ziel Wachstum. Jeder Absolvent und jede Absolventin ist eingeladen stolz auf [&#8230;]<\/p>\n","protected":false},"author":3,"featured_media":0,"parent":0,"menu_order":0,"comment_status":"closed","ping_status":"closed","template":"","meta":{"footnotes":""},"class_list":["post-54","page","type-page","status-publish","hentry"],"_links":{"self":[{"href":"https:\/\/www.avbgw.at\/wp5\/wp-json\/wp\/v2\/pages\/54","targetHints":{"allow":["GET"]}}],"collection":[{"href":"https:\/\/www.avbgw.at\/wp5\/wp-json\/wp\/v2\/pages"}],"about":[{"href":"https:\/\/www.avbgw.at\/wp5\/wp-json\/wp\/v2\/types\/page"}],"author":[{"embeddable":true,"href":"https:\/\/www.avbgw.at\/wp5\/wp-json\/wp\/v2\/users\/3"}],"replies":[{"embeddable":true,"href":"https:\/\/www.avbgw.at\/wp5\/wp-json\/wp\/v2\/comments?post=54"}],"version-history":[{"count":6,"href":"https:\/\/www.avbgw.at\/wp5\/wp-json\/wp\/v2\/pages\/54\/revisions"}],"predecessor-version":[{"id":144,"href":"https:\/\/www.avbgw.at\/wp5\/wp-json\/wp\/v2\/pages\/54\/revisions\/144"}],"wp:attachment":[{"href":"https:\/\/www.avbgw.at\/wp5\/wp-json\/wp\/v2\/media?parent=54"}],"curies":[{"name":"wp","href":"https:\/\/api.w.org\/{rel}","templated":true}]}}