{"id":56,"date":"2021-12-12T20:09:13","date_gmt":"2021-12-12T19:09:13","guid":{"rendered":"https:\/\/www.wenzel.cloud\/wp5\/?page_id=56"},"modified":"2025-10-21T09:46:13","modified_gmt":"2025-10-21T07:46:13","slug":"kontakt","status":"publish","type":"page","link":"https:\/\/www.avbgw.at\/wp5\/kontakt\/","title":{"rendered":"Kontakt &amp; Impressum"},"content":{"rendered":"\n<p>Um mit Mitgliedern und Mitarbeitern des Absolventenvereins in Kontakt zu treten wenden Sie sich am besten einfach an die entsprechende Person.<\/p>\n\n\n\n<p><strong>F\u00fcr allgemeine Anfragen wenden Sie sich bitte an das Sekretariat des Absolventenvereins:<\/strong><br>Verein der Absolventen und Freunde des Bundesgymnasiums und Bundesrealgymnasiums Wieselburg<br>Erlaufpromenade 1<br>A-3250 Wieselburg<br><br>E-mail: <a href=\"mailto:office@avbgw.at\">office@avbgw.at<\/a><br>Web: <a href=\"http:\/\/www.avbgw.at\/\">www.avbgw.at<\/a><br><br>ZVR: 474120283<br><br><strong>Bankkonto:<\/strong><br>Absolventenverein BG\/BRG Wieselburg<br>IBAN: AT38 3293 9000 0005 3777<br>BIC: RLNWATWW939 (Raiffeisenbank Mittleres Mostviertel)<br><br><strong>Mitgliedsbeitrag:<br><\/strong>10 Euro f\u00fcr Studenten und in Ausbildung Stehende<br>15 Euro f\u00fcr Erwerbst\u00e4tige<br>20 Euro f\u00fcr Ehepaare \/ Familientarif<\/p>\n","protected":false},"excerpt":{"rendered":"<p>Um mit Mitgliedern und Mitarbeitern des Absolventenvereins in Kontakt zu treten wenden Sie sich am besten einfach an die entsprechende Person. F\u00fcr allgemeine Anfragen wenden [&#8230;]<\/p>\n","protected":false},"author":1,"featured_media":0,"parent":0,"menu_order":0,"comment_status":"closed","ping_status":"closed","template":"","meta":{"footnotes":""},"class_list":["post-56","page","type-page","status-publish","hentry"],"_links":{"self":[{"href":"https:\/\/www.avbgw.at\/wp5\/wp-json\/wp\/v2\/pages\/56","targetHints":{"allow":["GET"]}}],"collection":[{"href":"https:\/\/www.avbgw.at\/wp5\/wp-json\/wp\/v2\/pages"}],"about":[{"href":"https:\/\/www.avbgw.at\/wp5\/wp-json\/wp\/v2\/types\/page"}],"author":[{"embeddable":true,"href":"https:\/\/www.avbgw.at\/wp5\/wp-json\/wp\/v2\/users\/1"}],"replies":[{"embeddable":true,"href":"https:\/\/www.avbgw.at\/wp5\/wp-json\/wp\/v2\/comments?post=56"}],"version-history":[{"count":10,"href":"https:\/\/www.avbgw.at\/wp5\/wp-json\/wp\/v2\/pages\/56\/revisions"}],"predecessor-version":[{"id":496,"href":"https:\/\/www.avbgw.at\/wp5\/wp-json\/wp\/v2\/pages\/56\/revisions\/496"}],"wp:attachment":[{"href":"https:\/\/www.avbgw.at\/wp5\/wp-json\/wp\/v2\/media?parent=56"}],"curies":[{"name":"wp","href":"https:\/\/api.w.org\/{rel}","templated":true}]}}