{"id":76,"date":"2021-12-12T20:20:57","date_gmt":"2021-12-12T19:20:57","guid":{"rendered":"https:\/\/www.wenzel.cloud\/wp5\/?page_id=76"},"modified":"2021-12-12T20:23:42","modified_gmt":"2021-12-12T19:23:42","slug":"unserangebot","status":"publish","type":"page","link":"https:\/\/www.avbgw.at\/wp5\/unserangebot\/","title":{"rendered":"Unser Angebot"},"content":{"rendered":"\n<p>6 gute Gr\u00fcnde um beim Absolventenverein mit dabei zu sein:<\/p>\n\n\n\n<ul class=\"wp-block-list\"><li>Treffen der Absolventinnen\/Absolventen bei diversen Veranstaltungen: Es findet ein regelm\u00e4\u00dfiges j\u00e4hrliches Treffen der Absolventinnen\/Absolventen statt.<\/li><\/ul>\n\n\n\n<ul class=\"wp-block-list\"><li>Unterst\u00fctzung von Projekten und Schulveranstaltungen sowie bei der Anschaffung von Unterrichtsmitteln; F\u00f6rderung von besonders talentierten und Unterst\u00fctzung von bed\u00fcrftigen Sch\u00fclerinnen und Sch\u00fclern.<\/li><\/ul>\n\n\n\n<ul class=\"wp-block-list\"><li>Erfahrungsaustausch zwischen Absolventinnen\/Absolventen und derzeitigen Sch\u00fclerinnen und Sch\u00fclern unserer Schule: Vortr\u00e4ge, Studienberatung an Projekttagen oder bei Informationsabenden.<\/li><\/ul>\n\n\n\n<ul class=\"wp-block-list\"><li>Information: Die Homepage des Absolventenvereins (http:\/\/www.avbgw.at) weist auf aktuelle Veranstaltungen hin und versorgt dich mit Nachrichten, die unsere Schule und das Vereinsleben betreffen.<\/li><\/ul>\n\n\n\n<ul class=\"wp-block-list\"><li>Der mittels Passwort gesch\u00fctzte Mitgliederbereich erlaubt die \u00c4nderung der pers\u00f6nlichen Daten (Anschrift, Anmeldung zum Newsletter, etc.) sowie den Abruf des Mitgliederverzeichnisses zur Kontaktaufnahme mit Kolleginnen und Kollegen im Verein.<\/li><\/ul>\n\n\n\n<ul class=\"wp-block-list\"><li>Unterst\u00fctzung bei der Kontakteverwaltung f\u00fcr die Organisation von Klassentreffen: Nach Ma\u00dfgabe unseres Informationsstandes helfen wir gerne weiter mit Kontaktinformationen von Lehrern und Absolventen (mit deren Zustimmung).<\/li><\/ul>\n\n\n\n<ul class=\"wp-block-list\"><li>Laufend aktuelle Spezialangebote f\u00fcr Mitglieder bei diversen Veranstaltungen sowie f\u00fcr sonstige Leistungen. Motto: &#8222;von Absolventen &#8211; f\u00fcr Absolventen&#8220;<\/li><\/ul>\n","protected":false},"excerpt":{"rendered":"<p>6 gute Gr\u00fcnde um beim Absolventenverein mit dabei zu sein: Treffen der Absolventinnen\/Absolventen bei diversen Veranstaltungen: Es findet ein regelm\u00e4\u00dfiges j\u00e4hrliches Treffen der Absolventinnen\/Absolventen statt. [&#8230;]<\/p>\n","protected":false},"author":1,"featured_media":0,"parent":0,"menu_order":0,"comment_status":"closed","ping_status":"closed","template":"","meta":{"footnotes":""},"class_list":["post-76","page","type-page","status-publish","hentry"],"_links":{"self":[{"href":"https:\/\/www.avbgw.at\/wp5\/wp-json\/wp\/v2\/pages\/76","targetHints":{"allow":["GET"]}}],"collection":[{"href":"https:\/\/www.avbgw.at\/wp5\/wp-json\/wp\/v2\/pages"}],"about":[{"href":"https:\/\/www.avbgw.at\/wp5\/wp-json\/wp\/v2\/types\/page"}],"author":[{"embeddable":true,"href":"https:\/\/www.avbgw.at\/wp5\/wp-json\/wp\/v2\/users\/1"}],"replies":[{"embeddable":true,"href":"https:\/\/www.avbgw.at\/wp5\/wp-json\/wp\/v2\/comments?post=76"}],"version-history":[{"count":2,"href":"https:\/\/www.avbgw.at\/wp5\/wp-json\/wp\/v2\/pages\/76\/revisions"}],"predecessor-version":[{"id":81,"href":"https:\/\/www.avbgw.at\/wp5\/wp-json\/wp\/v2\/pages\/76\/revisions\/81"}],"wp:attachment":[{"href":"https:\/\/www.avbgw.at\/wp5\/wp-json\/wp\/v2\/media?parent=76"}],"curies":[{"name":"wp","href":"https:\/\/api.w.org\/{rel}","templated":true}]}}